{"id":1826,"date":"2025-09-18T15:12:26","date_gmt":"2025-09-18T12:12:26","guid":{"rendered":"https:\/\/www.agreenaction.gr\/?page_id=1826"},"modified":"2025-09-18T17:18:42","modified_gmt":"2025-09-18T14:18:42","slug":"refund_returns","status":"publish","type":"page","link":"https:\/\/www.agreenaction.gr\/es\/refund_returns\/","title":{"rendered":"Pol\u00edtica de reembolsos y devoluciones"},"content":{"rendered":"<h2>1. Derecho de Desistimiento<\/h2>\n<p>De acuerdo con la legislaci\u00f3n vigente, usted tiene derecho a devolver un producto dentro de <strong>14 d\u00edas<\/strong> a partir de la fecha de recepci\u00f3n, sin necesidad de justificar su decisi\u00f3n. El producto debe devolverse en su estado original, sin da\u00f1os y en su embalaje original.<\/p>\n<h2>2. Procedimiento de Devoluci\u00f3n<\/h2>\n<ul>\n<li>P\u00f3ngase en contacto con nosotros por correo electr\u00f3nico o tel\u00e9fono, indicando su n\u00famero de pedido y el producto que desea devolver.<\/li>\n<li>Empaque el producto cuidadosamente para evitar da\u00f1os durante el transporte.<\/li>\n<li>Env\u00ede el producto a la direcci\u00f3n de nuestra empresa mediante la empresa de mensajer\u00eda de su elecci\u00f3n.<\/li>\n<\/ul>\n<h2>3. Reembolso<\/h2>\n<p>Una vez que recibamos y revisemos el producto, el reembolso se procesar\u00e1 en un plazo de <strong>10 d\u00edas h\u00e1biles<\/strong>. El reembolso se realizar\u00e1 utilizando el mismo m\u00e9todo de pago que us\u00f3 en la compra.<\/p>\n<h2>4. Excepciones<\/h2>\n<p>No se aceptan devoluciones en los siguientes casos:<\/p>\n<ul>\n<li>Productos que hayan sido usados o que no se devuelvan en su estado original.<\/li>\n<li>Pedidos especiales o productos fabricados seg\u00fan las especificaciones del cliente.<\/li>\n<li>Plantas artificiales y otros productos decorativos que hayan sido retirados de su embalaje.<\/li>\n<\/ul>\n<h2>5. Contacto<\/h2>\n<p>Para cualquier consulta sobre devoluciones, puede ponerse en contacto con nosotros por correo electr\u00f3nico en <a href=\"mailto:info@agreenaction.gr\">info@agreenaction.gr<\/a> o por tel\u00e9fono al <strong>+30 2741 110381<\/strong>.<\/p>\n","protected":false},"excerpt":{"rendered":"<p>1. Derecho de Desistimiento De acuerdo con la legislaci\u00f3n vigente, usted tiene derecho a devolver un producto dentro de 14 d\u00edas a partir de la fecha de recepci\u00f3n, sin necesidad de justificar su decisi\u00f3n. El producto debe devolverse en su estado original, sin da\u00f1os y en su embalaje original. 2. Procedimiento de Devoluci\u00f3n P\u00f3ngase en [&hellip;]<\/p>\n","protected":false},"author":1,"featured_media":0,"parent":0,"menu_order":26,"comment_status":"closed","ping_status":"closed","template":"","meta":{"_acf_changed":false,"footnotes":""},"class_list":["post-1826","page","type-page","status-publish","hentry"],"acf":[],"yoast_head":"<!-- This site is optimized with the Yoast SEO plugin v24.9 - https:\/\/yoast.com\/wordpress\/plugins\/seo\/ -->\n<title>Pol\u00edtica de reembolsos y devoluciones - A Green Action<\/title>\n<meta name=\"robots\" content=\"index, follow, max-snippet:-1, max-image-preview:large, max-video-preview:-1\" \/>\n<link rel=\"canonical\" href=\"https:\/\/www.agreenaction.gr\/es\/refund_returns\/\" \/>\n<meta property=\"og:locale\" content=\"es_ES\" \/>\n<meta property=\"og:type\" content=\"article\" \/>\n<meta property=\"og:title\" content=\"Pol\u00edtica de reembolsos y devoluciones - A Green Action\" \/>\n<meta property=\"og:description\" content=\"1. Derecho de Desistimiento De acuerdo con la legislaci\u00f3n vigente, usted tiene derecho a devolver un producto dentro de 14 d\u00edas a partir de la fecha de recepci\u00f3n, sin necesidad de justificar su decisi\u00f3n. El producto debe devolverse en su estado original, sin da\u00f1os y en su embalaje original. 2. Procedimiento de Devoluci\u00f3n P\u00f3ngase en [&hellip;]\" \/>\n<meta property=\"og:url\" content=\"https:\/\/www.agreenaction.gr\/es\/refund_returns\/\" \/>\n<meta property=\"og:site_name\" content=\"A Green Action\" \/>\n<meta property=\"article:modified_time\" content=\"2025-09-18T14:18:42+00:00\" \/>\n<meta name=\"twitter:card\" content=\"summary_large_image\" \/>\n<meta name=\"twitter:label1\" content=\"Tiempo de lectura\" \/>\n\t<meta name=\"twitter:data1\" content=\"1 minuto\" \/>\n<script type=\"application\/ld+json\" class=\"yoast-schema-graph\">{\"@context\":\"https:\/\/schema.org\",\"@graph\":[{\"@type\":\"WebPage\",\"@id\":\"https:\/\/www.agreenaction.gr\/es\/refund_returns\/\",\"url\":\"https:\/\/www.agreenaction.gr\/es\/refund_returns\/\",\"name\":\"Pol\u00edtica de reembolsos y devoluciones - A Green Action\",\"isPartOf\":{\"@id\":\"https:\/\/www.agreenaction.gr\/#website\"},\"datePublished\":\"2025-09-18T12:12:26+00:00\",\"dateModified\":\"2025-09-18T14:18:42+00:00\",\"breadcrumb\":{\"@id\":\"https:\/\/www.agreenaction.gr\/es\/refund_returns\/#breadcrumb\"},\"inLanguage\":\"es\",\"potentialAction\":[{\"@type\":\"ReadAction\",\"target\":[\"https:\/\/www.agreenaction.gr\/es\/refund_returns\/\"]}]},{\"@type\":\"BreadcrumbList\",\"@id\":\"https:\/\/www.agreenaction.gr\/es\/refund_returns\/#breadcrumb\",\"itemListElement\":[{\"@type\":\"ListItem\",\"position\":1,\"name\":\"Home\",\"item\":\"https:\/\/www.agreenaction.gr\/es\/\"},{\"@type\":\"ListItem\",\"position\":2,\"name\":\"Pol\u00edtica de reembolsos y devoluciones\"}]},{\"@type\":\"WebSite\",\"@id\":\"https:\/\/www.agreenaction.gr\/#website\",\"url\":\"https:\/\/www.agreenaction.gr\/\",\"name\":\"A Green Action\",\"description\":\"All About Garden\",\"potentialAction\":[{\"@type\":\"SearchAction\",\"target\":{\"@type\":\"EntryPoint\",\"urlTemplate\":\"https:\/\/www.agreenaction.gr\/?s={search_term_string}\"},\"query-input\":{\"@type\":\"PropertyValueSpecification\",\"valueRequired\":true,\"valueName\":\"search_term_string\"}}],\"inLanguage\":\"es\"}]}<\/script>\n<!-- \/ Yoast SEO plugin. -->","yoast_head_json":{"title":"Pol\u00edtica de reembolsos y devoluciones - A Green Action","robots":{"index":"index","follow":"follow","max-snippet":"max-snippet:-1","max-image-preview":"max-image-preview:large","max-video-preview":"max-video-preview:-1"},"canonical":"https:\/\/www.agreenaction.gr\/es\/refund_returns\/","og_locale":"es_ES","og_type":"article","og_title":"Pol\u00edtica de reembolsos y devoluciones - A Green Action","og_description":"1. Derecho de Desistimiento De acuerdo con la legislaci\u00f3n vigente, usted tiene derecho a devolver un producto dentro de 14 d\u00edas a partir de la fecha de recepci\u00f3n, sin necesidad de justificar su decisi\u00f3n. El producto debe devolverse en su estado original, sin da\u00f1os y en su embalaje original. 2. Procedimiento de Devoluci\u00f3n P\u00f3ngase en [&hellip;]","og_url":"https:\/\/www.agreenaction.gr\/es\/refund_returns\/","og_site_name":"A Green Action","article_modified_time":"2025-09-18T14:18:42+00:00","twitter_card":"summary_large_image","twitter_misc":{"Tiempo de lectura":"1 minuto"},"schema":{"@context":"https:\/\/schema.org","@graph":[{"@type":"WebPage","@id":"https:\/\/www.agreenaction.gr\/es\/refund_returns\/","url":"https:\/\/www.agreenaction.gr\/es\/refund_returns\/","name":"Pol\u00edtica de reembolsos y devoluciones - A Green Action","isPartOf":{"@id":"https:\/\/www.agreenaction.gr\/#website"},"datePublished":"2025-09-18T12:12:26+00:00","dateModified":"2025-09-18T14:18:42+00:00","breadcrumb":{"@id":"https:\/\/www.agreenaction.gr\/es\/refund_returns\/#breadcrumb"},"inLanguage":"es","potentialAction":[{"@type":"ReadAction","target":["https:\/\/www.agreenaction.gr\/es\/refund_returns\/"]}]},{"@type":"BreadcrumbList","@id":"https:\/\/www.agreenaction.gr\/es\/refund_returns\/#breadcrumb","itemListElement":[{"@type":"ListItem","position":1,"name":"Home","item":"https:\/\/www.agreenaction.gr\/es\/"},{"@type":"ListItem","position":2,"name":"Pol\u00edtica de reembolsos y devoluciones"}]},{"@type":"WebSite","@id":"https:\/\/www.agreenaction.gr\/#website","url":"https:\/\/www.agreenaction.gr\/","name":"A Green Action","description":"All About Garden","potentialAction":[{"@type":"SearchAction","target":{"@type":"EntryPoint","urlTemplate":"https:\/\/www.agreenaction.gr\/?s={search_term_string}"},"query-input":{"@type":"PropertyValueSpecification","valueRequired":true,"valueName":"search_term_string"}}],"inLanguage":"es"}]}},"_links":{"self":[{"href":"https:\/\/www.agreenaction.gr\/es\/wp-json\/wp\/v2\/pages\/1826","targetHints":{"allow":["GET"]}}],"collection":[{"href":"https:\/\/www.agreenaction.gr\/es\/wp-json\/wp\/v2\/pages"}],"about":[{"href":"https:\/\/www.agreenaction.gr\/es\/wp-json\/wp\/v2\/types\/page"}],"author":[{"embeddable":true,"href":"https:\/\/www.agreenaction.gr\/es\/wp-json\/wp\/v2\/users\/1"}],"replies":[{"embeddable":true,"href":"https:\/\/www.agreenaction.gr\/es\/wp-json\/wp\/v2\/comments?post=1826"}],"version-history":[{"count":3,"href":"https:\/\/www.agreenaction.gr\/es\/wp-json\/wp\/v2\/pages\/1826\/revisions"}],"predecessor-version":[{"id":1900,"href":"https:\/\/www.agreenaction.gr\/es\/wp-json\/wp\/v2\/pages\/1826\/revisions\/1900"}],"wp:attachment":[{"href":"https:\/\/www.agreenaction.gr\/es\/wp-json\/wp\/v2\/media?parent=1826"}],"curies":[{"name":"wp","href":"https:\/\/api.w.org\/{rel}","templated":true}]}}