{"id":1816,"date":"2025-01-23T12:13:45","date_gmt":"2025-01-23T10:13:45","guid":{"rendered":"https:\/\/www.agreenaction.gr\/payment-methods\/"},"modified":"2025-09-18T17:18:19","modified_gmt":"2025-09-18T14:18:19","slug":"payment-methods","status":"publish","type":"page","link":"https:\/\/www.agreenaction.gr\/es\/payment-methods\/","title":{"rendered":"M\u00e9todos de pago"},"content":{"rendered":"<h2>1. Transferencia Bancaria<\/h2>\n<p>Puede pagar su pedido mediante <strong>transferencia bancaria<\/strong>. Despu\u00e9s de completar su pedido, recibir\u00e1 la informaci\u00f3n correspondiente sobre nuestros datos bancarios. Por favor, aseg\u00farese de incluir el n\u00famero de pedido en el concepto de la transferencia y env\u00edenos el comprobante de pago por correo electr\u00f3nico para una tramitaci\u00f3n m\u00e1s r\u00e1pida.<\/p>\n<h2>2. Recogida en Tienda<\/h2>\n<p>Puede realizar su pedido a trav\u00e9s de nuestra tienda en l\u00ednea y seleccionar la opci\u00f3n de <strong>recogida en tienda<\/strong> como m\u00e9todo de pago. El pago se realiza al recoger los productos, ya sea en efectivo o con tarjeta. Le rogamos que se ponga en contacto con nosotros para confirmar la disponibilidad antes de la recogida.<\/p>\n<p>Para cualquier duda o aclaraci\u00f3n, puede ponerse en contacto con nosotros.<\/p>\n","protected":false},"excerpt":{"rendered":"<p>1. Transferencia Bancaria Puede pagar su pedido mediante transferencia bancaria. Despu\u00e9s de completar su pedido, recibir\u00e1 la informaci\u00f3n correspondiente sobre nuestros datos bancarios. Por favor, aseg\u00farese de incluir el n\u00famero de pedido en el concepto de la transferencia y env\u00edenos el comprobante de pago por correo electr\u00f3nico para una tramitaci\u00f3n m\u00e1s r\u00e1pida. 2. Recogida en [&hellip;]<\/p>\n","protected":false},"author":1,"featured_media":0,"parent":0,"menu_order":0,"comment_status":"closed","ping_status":"closed","template":"","meta":{"_acf_changed":false,"footnotes":""},"class_list":["post-1816","page","type-page","status-publish","hentry"],"acf":[],"yoast_head":"<!-- This site is optimized with the Yoast SEO plugin v24.9 - https:\/\/yoast.com\/wordpress\/plugins\/seo\/ -->\n<title>M\u00e9todos de pago - A Green Action<\/title>\n<meta name=\"robots\" content=\"index, follow, max-snippet:-1, max-image-preview:large, max-video-preview:-1\" \/>\n<link rel=\"canonical\" href=\"https:\/\/www.agreenaction.gr\/es\/payment-methods\/\" \/>\n<meta property=\"og:locale\" content=\"es_ES\" \/>\n<meta property=\"og:type\" content=\"article\" \/>\n<meta property=\"og:title\" content=\"M\u00e9todos de pago - A Green Action\" \/>\n<meta property=\"og:description\" content=\"1. Transferencia Bancaria Puede pagar su pedido mediante transferencia bancaria. Despu\u00e9s de completar su pedido, recibir\u00e1 la informaci\u00f3n correspondiente sobre nuestros datos bancarios. Por favor, aseg\u00farese de incluir el n\u00famero de pedido en el concepto de la transferencia y env\u00edenos el comprobante de pago por correo electr\u00f3nico para una tramitaci\u00f3n m\u00e1s r\u00e1pida. 2. Recogida en [&hellip;]\" \/>\n<meta property=\"og:url\" content=\"https:\/\/www.agreenaction.gr\/es\/payment-methods\/\" \/>\n<meta property=\"og:site_name\" content=\"A Green Action\" \/>\n<meta property=\"article:modified_time\" content=\"2025-09-18T14:18:19+00:00\" \/>\n<meta name=\"twitter:card\" content=\"summary_large_image\" \/>\n<meta name=\"twitter:label1\" content=\"Tiempo de lectura\" \/>\n\t<meta name=\"twitter:data1\" content=\"1 minuto\" \/>\n<script type=\"application\/ld+json\" class=\"yoast-schema-graph\">{\"@context\":\"https:\/\/schema.org\",\"@graph\":[{\"@type\":\"WebPage\",\"@id\":\"https:\/\/www.agreenaction.gr\/es\/payment-methods\/\",\"url\":\"https:\/\/www.agreenaction.gr\/es\/payment-methods\/\",\"name\":\"M\u00e9todos de pago - A Green Action\",\"isPartOf\":{\"@id\":\"https:\/\/www.agreenaction.gr\/#website\"},\"datePublished\":\"2025-01-23T10:13:45+00:00\",\"dateModified\":\"2025-09-18T14:18:19+00:00\",\"breadcrumb\":{\"@id\":\"https:\/\/www.agreenaction.gr\/es\/payment-methods\/#breadcrumb\"},\"inLanguage\":\"es\",\"potentialAction\":[{\"@type\":\"ReadAction\",\"target\":[\"https:\/\/www.agreenaction.gr\/es\/payment-methods\/\"]}]},{\"@type\":\"BreadcrumbList\",\"@id\":\"https:\/\/www.agreenaction.gr\/es\/payment-methods\/#breadcrumb\",\"itemListElement\":[{\"@type\":\"ListItem\",\"position\":1,\"name\":\"Home\",\"item\":\"https:\/\/www.agreenaction.gr\/es\/\"},{\"@type\":\"ListItem\",\"position\":2,\"name\":\"M\u00e9todos de pago\"}]},{\"@type\":\"WebSite\",\"@id\":\"https:\/\/www.agreenaction.gr\/#website\",\"url\":\"https:\/\/www.agreenaction.gr\/\",\"name\":\"A Green Action\",\"description\":\"All About Garden\",\"potentialAction\":[{\"@type\":\"SearchAction\",\"target\":{\"@type\":\"EntryPoint\",\"urlTemplate\":\"https:\/\/www.agreenaction.gr\/?s={search_term_string}\"},\"query-input\":{\"@type\":\"PropertyValueSpecification\",\"valueRequired\":true,\"valueName\":\"search_term_string\"}}],\"inLanguage\":\"es\"}]}<\/script>\n<!-- \/ Yoast SEO plugin. -->","yoast_head_json":{"title":"M\u00e9todos de pago - A Green Action","robots":{"index":"index","follow":"follow","max-snippet":"max-snippet:-1","max-image-preview":"max-image-preview:large","max-video-preview":"max-video-preview:-1"},"canonical":"https:\/\/www.agreenaction.gr\/es\/payment-methods\/","og_locale":"es_ES","og_type":"article","og_title":"M\u00e9todos de pago - A Green Action","og_description":"1. Transferencia Bancaria Puede pagar su pedido mediante transferencia bancaria. Despu\u00e9s de completar su pedido, recibir\u00e1 la informaci\u00f3n correspondiente sobre nuestros datos bancarios. Por favor, aseg\u00farese de incluir el n\u00famero de pedido en el concepto de la transferencia y env\u00edenos el comprobante de pago por correo electr\u00f3nico para una tramitaci\u00f3n m\u00e1s r\u00e1pida. 2. Recogida en [&hellip;]","og_url":"https:\/\/www.agreenaction.gr\/es\/payment-methods\/","og_site_name":"A Green Action","article_modified_time":"2025-09-18T14:18:19+00:00","twitter_card":"summary_large_image","twitter_misc":{"Tiempo de lectura":"1 minuto"},"schema":{"@context":"https:\/\/schema.org","@graph":[{"@type":"WebPage","@id":"https:\/\/www.agreenaction.gr\/es\/payment-methods\/","url":"https:\/\/www.agreenaction.gr\/es\/payment-methods\/","name":"M\u00e9todos de pago - A Green Action","isPartOf":{"@id":"https:\/\/www.agreenaction.gr\/#website"},"datePublished":"2025-01-23T10:13:45+00:00","dateModified":"2025-09-18T14:18:19+00:00","breadcrumb":{"@id":"https:\/\/www.agreenaction.gr\/es\/payment-methods\/#breadcrumb"},"inLanguage":"es","potentialAction":[{"@type":"ReadAction","target":["https:\/\/www.agreenaction.gr\/es\/payment-methods\/"]}]},{"@type":"BreadcrumbList","@id":"https:\/\/www.agreenaction.gr\/es\/payment-methods\/#breadcrumb","itemListElement":[{"@type":"ListItem","position":1,"name":"Home","item":"https:\/\/www.agreenaction.gr\/es\/"},{"@type":"ListItem","position":2,"name":"M\u00e9todos de pago"}]},{"@type":"WebSite","@id":"https:\/\/www.agreenaction.gr\/#website","url":"https:\/\/www.agreenaction.gr\/","name":"A Green Action","description":"All About Garden","potentialAction":[{"@type":"SearchAction","target":{"@type":"EntryPoint","urlTemplate":"https:\/\/www.agreenaction.gr\/?s={search_term_string}"},"query-input":{"@type":"PropertyValueSpecification","valueRequired":true,"valueName":"search_term_string"}}],"inLanguage":"es"}]}},"_links":{"self":[{"href":"https:\/\/www.agreenaction.gr\/es\/wp-json\/wp\/v2\/pages\/1816","targetHints":{"allow":["GET"]}}],"collection":[{"href":"https:\/\/www.agreenaction.gr\/es\/wp-json\/wp\/v2\/pages"}],"about":[{"href":"https:\/\/www.agreenaction.gr\/es\/wp-json\/wp\/v2\/types\/page"}],"author":[{"embeddable":true,"href":"https:\/\/www.agreenaction.gr\/es\/wp-json\/wp\/v2\/users\/1"}],"replies":[{"embeddable":true,"href":"https:\/\/www.agreenaction.gr\/es\/wp-json\/wp\/v2\/comments?post=1816"}],"version-history":[{"count":2,"href":"https:\/\/www.agreenaction.gr\/es\/wp-json\/wp\/v2\/pages\/1816\/revisions"}],"predecessor-version":[{"id":1899,"href":"https:\/\/www.agreenaction.gr\/es\/wp-json\/wp\/v2\/pages\/1816\/revisions\/1899"}],"wp:attachment":[{"href":"https:\/\/www.agreenaction.gr\/es\/wp-json\/wp\/v2\/media?parent=1816"}],"curies":[{"name":"wp","href":"https:\/\/api.w.org\/{rel}","templated":true}]}}