{"id":1815,"date":"2025-01-23T12:15:57","date_gmt":"2025-01-23T10:15:57","guid":{"rendered":"https:\/\/www.agreenaction.gr\/terms-of-use\/"},"modified":"2025-09-18T17:19:14","modified_gmt":"2025-09-18T14:19:14","slug":"terms-of-use","status":"publish","type":"page","link":"https:\/\/www.agreenaction.gr\/es\/terms-of-use\/","title":{"rendered":"T\u00e9rminos de uso"},"content":{"rendered":"<p>El uso de este sitio web y de sus servicios est\u00e1 sujeto a los siguientes t\u00e9rminos y condiciones. Por favor, lea atentamente antes de continuar.<\/p>\n<h2>1. Aceptaci\u00f3n de los T\u00e9rminos<\/h2>\n<p>Al navegar y utilizar el sitio web, usted acepta plena e incondicionalmente los presentes t\u00e9rminos de uso, los cuales se aplican a todos los visitantes y usuarios.<\/p>\n<h2>2. Derechos de Propiedad Intelectual<\/h2>\n<p>Todo el contenido del sitio web (textos, logotipos, im\u00e1genes, productos) es propiedad intelectual de A Green Action y est\u00e1 protegido por la legislaci\u00f3n vigente en materia de derechos de autor.<\/p>\n<h2>3. Limitaci\u00f3n de Responsabilidad<\/h2>\n<p>Nuestra empresa realiza todos los esfuerzos posibles para garantizar la exactitud y actualidad de la informaci\u00f3n proporcionada en el sitio web. Sin embargo, no se hace responsable de posibles inexactitudes, omisiones o de los da\u00f1os que puedan derivarse del uso de dicha informaci\u00f3n.<\/p>\n<h2>4. Obligaciones de los Usuarios<\/h2>\n<ul>\n<li>Los usuarios est\u00e1n obligados a utilizar el sitio web de manera legal y \u00e9tica.<\/li>\n<li>Se proh\u00edbe la reproducci\u00f3n, copia o explotaci\u00f3n comercial del contenido sin la autorizaci\u00f3n escrita de la empresa.<\/li>\n<\/ul>\n<h2>5. Datos Personales<\/h2>\n<p>La gesti\u00f3n de los datos personales de los usuarios se realiza de acuerdo con nuestra pol\u00edtica de privacidad, disponible en el sitio web.<\/p>\n<h2>6. Modificaci\u00f3n de los T\u00e9rminos<\/h2>\n<p>A Green Action se reserva el derecho de modificar los presentes t\u00e9rminos de uso en cualquier momento. Los usuarios deben revisar peri\u00f3dicamente los t\u00e9rminos para conocer posibles cambios.<\/p>\n<h2>7. Ley Aplicable<\/h2>\n<p>Los presentes t\u00e9rminos se rigen por la Ley Griega y cualquier disputa ser\u00e1 resuelta por los tribunales competentes.<\/p>\n<p>Para cualquier consulta o informaci\u00f3n relacionada con los t\u00e9rminos de uso, puede ponerse en contacto con nosotros a trav\u00e9s de la p\u00e1gina de contacto.<\/p>\n","protected":false},"excerpt":{"rendered":"<p>El uso de este sitio web y de sus servicios est\u00e1 sujeto a los siguientes t\u00e9rminos y condiciones. Por favor, lea atentamente antes de continuar. 1. Aceptaci\u00f3n de los T\u00e9rminos Al navegar y utilizar el sitio web, usted acepta plena e incondicionalmente los presentes t\u00e9rminos de uso, los cuales se aplican a todos los visitantes [&hellip;]<\/p>\n","protected":false},"author":1,"featured_media":0,"parent":0,"menu_order":0,"comment_status":"closed","ping_status":"closed","template":"","meta":{"_acf_changed":false,"footnotes":""},"class_list":["post-1815","page","type-page","status-publish","hentry"],"acf":[],"yoast_head":"<!-- This site is optimized with the Yoast SEO plugin v24.9 - https:\/\/yoast.com\/wordpress\/plugins\/seo\/ -->\n<title>T\u00e9rminos de uso - A Green Action<\/title>\n<meta name=\"robots\" content=\"index, follow, max-snippet:-1, max-image-preview:large, max-video-preview:-1\" \/>\n<link rel=\"canonical\" href=\"https:\/\/www.agreenaction.gr\/es\/terms-of-use\/\" \/>\n<meta property=\"og:locale\" content=\"es_ES\" \/>\n<meta property=\"og:type\" content=\"article\" \/>\n<meta property=\"og:title\" content=\"T\u00e9rminos de uso - A Green Action\" \/>\n<meta property=\"og:description\" content=\"El uso de este sitio web y de sus servicios est\u00e1 sujeto a los siguientes t\u00e9rminos y condiciones. Por favor, lea atentamente antes de continuar. 1. Aceptaci\u00f3n de los T\u00e9rminos Al navegar y utilizar el sitio web, usted acepta plena e incondicionalmente los presentes t\u00e9rminos de uso, los cuales se aplican a todos los visitantes [&hellip;]\" \/>\n<meta property=\"og:url\" content=\"https:\/\/www.agreenaction.gr\/es\/terms-of-use\/\" \/>\n<meta property=\"og:site_name\" content=\"A Green Action\" \/>\n<meta property=\"article:modified_time\" content=\"2025-09-18T14:19:14+00:00\" \/>\n<meta name=\"twitter:card\" content=\"summary_large_image\" \/>\n<meta name=\"twitter:label1\" content=\"Tiempo de lectura\" \/>\n\t<meta name=\"twitter:data1\" content=\"2 minutos\" \/>\n<script type=\"application\/ld+json\" class=\"yoast-schema-graph\">{\"@context\":\"https:\/\/schema.org\",\"@graph\":[{\"@type\":\"WebPage\",\"@id\":\"https:\/\/www.agreenaction.gr\/es\/terms-of-use\/\",\"url\":\"https:\/\/www.agreenaction.gr\/es\/terms-of-use\/\",\"name\":\"T\u00e9rminos de uso - A Green Action\",\"isPartOf\":{\"@id\":\"https:\/\/www.agreenaction.gr\/#website\"},\"datePublished\":\"2025-01-23T10:15:57+00:00\",\"dateModified\":\"2025-09-18T14:19:14+00:00\",\"breadcrumb\":{\"@id\":\"https:\/\/www.agreenaction.gr\/es\/terms-of-use\/#breadcrumb\"},\"inLanguage\":\"es\",\"potentialAction\":[{\"@type\":\"ReadAction\",\"target\":[\"https:\/\/www.agreenaction.gr\/es\/terms-of-use\/\"]}]},{\"@type\":\"BreadcrumbList\",\"@id\":\"https:\/\/www.agreenaction.gr\/es\/terms-of-use\/#breadcrumb\",\"itemListElement\":[{\"@type\":\"ListItem\",\"position\":1,\"name\":\"Home\",\"item\":\"https:\/\/www.agreenaction.gr\/es\/\"},{\"@type\":\"ListItem\",\"position\":2,\"name\":\"T\u00e9rminos de uso\"}]},{\"@type\":\"WebSite\",\"@id\":\"https:\/\/www.agreenaction.gr\/#website\",\"url\":\"https:\/\/www.agreenaction.gr\/\",\"name\":\"A Green Action\",\"description\":\"All About Garden\",\"potentialAction\":[{\"@type\":\"SearchAction\",\"target\":{\"@type\":\"EntryPoint\",\"urlTemplate\":\"https:\/\/www.agreenaction.gr\/?s={search_term_string}\"},\"query-input\":{\"@type\":\"PropertyValueSpecification\",\"valueRequired\":true,\"valueName\":\"search_term_string\"}}],\"inLanguage\":\"es\"}]}<\/script>\n<!-- \/ Yoast SEO plugin. -->","yoast_head_json":{"title":"T\u00e9rminos de uso - A Green Action","robots":{"index":"index","follow":"follow","max-snippet":"max-snippet:-1","max-image-preview":"max-image-preview:large","max-video-preview":"max-video-preview:-1"},"canonical":"https:\/\/www.agreenaction.gr\/es\/terms-of-use\/","og_locale":"es_ES","og_type":"article","og_title":"T\u00e9rminos de uso - A Green Action","og_description":"El uso de este sitio web y de sus servicios est\u00e1 sujeto a los siguientes t\u00e9rminos y condiciones. Por favor, lea atentamente antes de continuar. 1. Aceptaci\u00f3n de los T\u00e9rminos Al navegar y utilizar el sitio web, usted acepta plena e incondicionalmente los presentes t\u00e9rminos de uso, los cuales se aplican a todos los visitantes [&hellip;]","og_url":"https:\/\/www.agreenaction.gr\/es\/terms-of-use\/","og_site_name":"A Green Action","article_modified_time":"2025-09-18T14:19:14+00:00","twitter_card":"summary_large_image","twitter_misc":{"Tiempo de lectura":"2 minutos"},"schema":{"@context":"https:\/\/schema.org","@graph":[{"@type":"WebPage","@id":"https:\/\/www.agreenaction.gr\/es\/terms-of-use\/","url":"https:\/\/www.agreenaction.gr\/es\/terms-of-use\/","name":"T\u00e9rminos de uso - A Green Action","isPartOf":{"@id":"https:\/\/www.agreenaction.gr\/#website"},"datePublished":"2025-01-23T10:15:57+00:00","dateModified":"2025-09-18T14:19:14+00:00","breadcrumb":{"@id":"https:\/\/www.agreenaction.gr\/es\/terms-of-use\/#breadcrumb"},"inLanguage":"es","potentialAction":[{"@type":"ReadAction","target":["https:\/\/www.agreenaction.gr\/es\/terms-of-use\/"]}]},{"@type":"BreadcrumbList","@id":"https:\/\/www.agreenaction.gr\/es\/terms-of-use\/#breadcrumb","itemListElement":[{"@type":"ListItem","position":1,"name":"Home","item":"https:\/\/www.agreenaction.gr\/es\/"},{"@type":"ListItem","position":2,"name":"T\u00e9rminos de uso"}]},{"@type":"WebSite","@id":"https:\/\/www.agreenaction.gr\/#website","url":"https:\/\/www.agreenaction.gr\/","name":"A Green Action","description":"All About Garden","potentialAction":[{"@type":"SearchAction","target":{"@type":"EntryPoint","urlTemplate":"https:\/\/www.agreenaction.gr\/?s={search_term_string}"},"query-input":{"@type":"PropertyValueSpecification","valueRequired":true,"valueName":"search_term_string"}}],"inLanguage":"es"}]}},"_links":{"self":[{"href":"https:\/\/www.agreenaction.gr\/es\/wp-json\/wp\/v2\/pages\/1815","targetHints":{"allow":["GET"]}}],"collection":[{"href":"https:\/\/www.agreenaction.gr\/es\/wp-json\/wp\/v2\/pages"}],"about":[{"href":"https:\/\/www.agreenaction.gr\/es\/wp-json\/wp\/v2\/types\/page"}],"author":[{"embeddable":true,"href":"https:\/\/www.agreenaction.gr\/es\/wp-json\/wp\/v2\/users\/1"}],"replies":[{"embeddable":true,"href":"https:\/\/www.agreenaction.gr\/es\/wp-json\/wp\/v2\/comments?post=1815"}],"version-history":[{"count":2,"href":"https:\/\/www.agreenaction.gr\/es\/wp-json\/wp\/v2\/pages\/1815\/revisions"}],"predecessor-version":[{"id":1901,"href":"https:\/\/www.agreenaction.gr\/es\/wp-json\/wp\/v2\/pages\/1815\/revisions\/1901"}],"wp:attachment":[{"href":"https:\/\/www.agreenaction.gr\/es\/wp-json\/wp\/v2\/media?parent=1815"}],"curies":[{"name":"wp","href":"https:\/\/api.w.org\/{rel}","templated":true}]}}